{"id":50,"date":"2015-04-13T13:31:59","date_gmt":"2015-04-13T13:31:59","guid":{"rendered":"https:\/\/les-chouettes.ch\/?page_id=50"},"modified":"2023-01-23T20:54:02","modified_gmt":"2023-01-23T20:54:02","slug":"about","status":"publish","type":"page","link":"https:\/\/les-chouettes.ch\/?page_id=50","title":{"rendered":"About"},"content":{"rendered":"<p>[vc_row iron_row_type=&#187;full_width&#187; iron_remove_padding_medium=&#187;tabletnopadding&#187; iron_remove_padding_small=&#187;&#187; iron_overlay_pattern=&#187;&#187; iron_parallax=&#187;&#187; iron_bg_video=&#187;&#187; css=&#187;.vc_custom_1452106292953{background-position: 0 0 !important;background-repeat: repeat !important;}&#187;][vc_column el_class=&#187;.nopadding&#187;][vc_single_image image=&#187;5310&#8243; img_size=&#187;1140&#215;500&#8243; alignment=&#187;center&#187; css_animation=&#187;bottom-to-top&#187; img_fullwidth=&#187;0&#8243;][\/vc_column][\/vc_row][vc_row iron_row_type=&#187;full_width&#187; iron_remove_padding_medium=&#187;tabletnopadding&#187; iron_remove_padding_small=&#187;&#187; iron_overlay_pattern=&#187;&#187; iron_parallax=&#187;&#187; iron_bg_video=&#187;&#187; css=&#187;.vc_custom_1452106591529{padding-right: 10px !important;padding-left: 10px !important;}&#187;][vc_column][vc_row_inner iron_bg_video=&#187;&#187;][vc_column_inner][vc_empty_space height=&#187;63px&#187;][vc_custom_heading text=&#187;&#187; font_container=&#187;tag:h4|font_size:12px|text_align:center|color:%23111b38|line_height:12px&#187; google_fonts=&#187;font_family:Lato%3A100%2C100italic%2C300%2C300italic%2Cregular%2Citalic%2C700%2C700italic%2C900%2C900italic|font_style:900%20bold%20regular%3A900%3Anormal&#187; fit_bg_text=&#187;0&#8243; el_class=&#187;.costumespacing1&#8243; css=&#187;.vc_custom_1514410996475{margin-bottom: -15px !important;}&#187;][vc_custom_heading text=&#187;&#187; font_container=&#187;tag:h3|font_size:30px|text_align:left|color:%2325262d|line_height:38px&#187; google_fonts=&#187;font_family:Playfair%20Display%3Aregular%2Citalic%2C700%2C700italic%2C900%2C900italic|font_style:400%20regular%3A400%3Anormal&#187; fit_bg_text=&#187;0&#8243; el_class=&#187;.costumespacing1&#8243;][\/vc_column_inner][\/vc_row_inner][vc_empty_space height=&#187;10px&#187;][vc_row_inner iron_bg_video=&#187;&#187;][vc_column_inner][vc_column_text css_animation=&#187;left-to-right&#187; css=&#187;.vc_custom_1674507235294{margin-right: 4px !important;}&#187;]Es scheint, als ob die Welt sich immer schneller dreht. Und der Mensch dreht mit. Zeit, die Drehzahl zu reduzieren. Zeit f\u00fcr Oldtimer, Whisky und Zigarre. Zeit f\u00fcr den Swing der 20er- und 30er-Jahre.<\/p>\n<p>Das Quintett \u00abLes Chouettes\u00bb um die S\u00e4ngerin Miriam Sutter entf\u00fchrt in eine Zeit, als Jazzclubs das Nachtleben pr\u00e4gten und Musik voller Leidenschaft aus dem Radio oder vom Plattenteller ert\u00f6nte.<\/p>\n<p>&nbsp;<\/p>\n<p style=\"text-align: center;\">Miriam Sutter\u00a0 \u00a0 \u00a0 \u00a0 \u00a0\u00a0<em>Gesang<\/em><\/p>\n<p style=\"text-align: center;\">David M\u00e4der \/ Ralph Hufenus\u00a0 \u00a0 \u00a0 \u00a0<em>Kontrabass<\/em><\/p>\n<p style=\"text-align: center;\">Mario Castelberg\u00a0 \u00a0 \u00a0 \u00a0 \u00a0 \u00a0 \u00a0 \u00a0 \u00a0 \u00a0<em>Gitarre<\/em><\/p>\n<p style=\"text-align: center;\">Drazen Gvozdenovic\u00a0 \u00a0 \u00a0 \u00a0 \u00a0 \u00a0 \u00a0<em>Akkordeon<\/em><\/p>\n<p style=\"text-align: center;\">Carlo Lorenzi\u00a0 \u00a0 \u00a0 \u00a0 \u00a0 \u00a0 <em>Schlagzeug<\/em><\/p>\n<p>[\/vc_column_text][\/vc_column_inner][\/vc_row_inner][vc_row_inner iron_bg_video=&#187;&#187;][vc_column_inner][vc_text_separator title=&#187;&#187; color=&#187;custom&#187; accent_color=&#187;#c2c3c4&#8243;][\/vc_column_inner][\/vc_row_inner][\/vc_column][\/vc_row][vc_row iron_row_type=&#187;in_container&#187; iron_remove_padding_medium=&#187;&#187; iron_remove_padding_small=&#187;&#187; iron_overlay_pattern=&#187;&#187; iron_parallax=&#187;&#187; iron_bg_video=&#187;&#187;][vc_column]\t<div class=\"dividerwrap\" style=\"padding-top:px; padding-bottom:px;\">\r\n\t\t<div class=\"defaultdivider center\" style=\"background-color:rgb(157, 3, 24)\"><\/div>\r\n\t\t<div class=\"clear\"><\/div>\r\n\t<\/div>[\/vc_column][\/vc_row][vc_row iron_row_type=&#187;in_container&#187; iron_remove_padding_medium=&#187;&#187; iron_remove_padding_small=&#187;&#187; iron_overlay_pattern=&#187;&#187; iron_parallax=&#187;&#187; iron_bg_video=&#187;&#187;][vc_column]\t<div class=\"dividerwrap\" style=\"padding-top:px; padding-bottom:px;\">\r\n\t\t<div class=\"defaultdivider center\" style=\"background-color:rgb(157, 3, 24)\"><\/div>\r\n\t\t<div class=\"clear\"><\/div>\r\n\t<\/div>[\/vc_column][\/vc_row][vc_row iron_row_type=&#187;in_container&#187; iron_remove_padding_medium=&#187;&#187; iron_remove_padding_small=&#187;&#187; iron_overlay_pattern=&#187;&#187; iron_parallax=&#187;&#187; iron_bg_video=&#187;&#187;][vc_column][vc_empty_space height=&#187;66px&#187;][\/vc_column][\/vc_row]<\/p>\n","protected":false},"excerpt":{"rendered":"<p>[vc_row iron_row_type=&#187;full_width&#187; iron_remove_padding_medium=&#187;tabletnopadding&#187; iron_remove_padding_small=&#187;&#187; iron_overlay_pattern=&#187;&#187; iron_parallax=&#187;&#187; iron_bg_video=&#187;&#187; css=&#187;.vc_custom_1452106292953{background-position: 0 0 !important;background-repeat: repeat !important;}&#187;][vc_column el_class=&#187;.nopadding&#187;][vc_single_image image=&#187;5310&#8243; img_size=&#187;1140&#215;500&#8243; alignment=&#187;center&#187; css_animation=&#187;bottom-to-top&#187; img_fullwidth=&#187;0&#8243;][\/vc_column][\/vc_row][vc_row iron_row_type=&#187;full_width&#187; iron_remove_padding_medium=&#187;tabletnopadding&#187; iron_remove_padding_small=&#187;&#187; iron_overlay_pattern=&#187;&#187; iron_parallax=&#187;&#187; iron_bg_video=&#187;&#187; css=&#187;.vc_custom_1452106591529{padding-right: 10px !important;padding-left: 10px !important;}&#187;][vc_column][vc_row_inner iron_bg_video=&#187;&#187;][vc_column_inner][vc_empty_space height=&#187;63px&#187;][vc_custom_heading text=&#187;&#187; font_container=&#187;tag:h4|font_size:12px|text_align:center|color:%23111b38|line_height:12px&#187; google_fonts=&#187;font_family:Lato%3A100%2C100italic%2C300%2C300italic%2Cregular%2Citalic%2C700%2C700italic%2C900%2C900italic|font_style:900%20bold%20regular%3A900%3Anormal&#187; fit_bg_text=&#187;0&#8243; el_class=&#187;.costumespacing1&#8243; css=&#187;.vc_custom_1514410996475{margin-bottom: -15px !important;}&#187;][vc_custom_heading text=&#187;&#187; font_container=&#187;tag:h3|font_size:30px|text_align:left|color:%2325262d|line_height:38px&#187; google_fonts=&#187;font_family:Playfair%20Display%3Aregular%2Citalic%2C700%2C700italic%2C900%2C900italic|font_style:400%20regular%3A400%3Anormal&#187; fit_bg_text=&#187;0&#8243; el_class=&#187;.costumespacing1&#8243;][\/vc_column_inner][\/vc_row_inner][vc_empty_space height=&#187;10px&#187;][vc_row_inner iron_bg_video=&#187;&#187;][vc_column_inner][vc_column_text css_animation=&#187;left-to-right&#187; css=&#187;.vc_custom_1674507235294{margin-right: 4px !important;}&#187;]Es scheint, als ob die Welt sich immer schneller dreht. Und der Mensch dreht mit. Zeit, die Drehzahl zu reduzieren. Zeit f\u00fcr Oldtimer, Whisky und Zigarre. Zeit f\u00fcr den Swing [&hellip;]<\/p>\n","protected":false},"author":1,"featured_media":0,"parent":0,"menu_order":1,"comment_status":"closed","ping_status":"open","template":"","meta":{"footnotes":""},"class_list":["post-50","page","type-page","status-publish","hentry"],"_links":{"self":[{"href":"https:\/\/les-chouettes.ch\/index.php?rest_route=\/wp\/v2\/pages\/50","targetHints":{"allow":["GET"]}}],"collection":[{"href":"https:\/\/les-chouettes.ch\/index.php?rest_route=\/wp\/v2\/pages"}],"about":[{"href":"https:\/\/les-chouettes.ch\/index.php?rest_route=\/wp\/v2\/types\/page"}],"author":[{"embeddable":true,"href":"https:\/\/les-chouettes.ch\/index.php?rest_route=\/wp\/v2\/users\/1"}],"replies":[{"embeddable":true,"href":"https:\/\/les-chouettes.ch\/index.php?rest_route=%2Fwp%2Fv2%2Fcomments&post=50"}],"version-history":[{"count":28,"href":"https:\/\/les-chouettes.ch\/index.php?rest_route=\/wp\/v2\/pages\/50\/revisions"}],"predecessor-version":[{"id":5332,"href":"https:\/\/les-chouettes.ch\/index.php?rest_route=\/wp\/v2\/pages\/50\/revisions\/5332"}],"wp:attachment":[{"href":"https:\/\/les-chouettes.ch\/index.php?rest_route=%2Fwp%2Fv2%2Fmedia&parent=50"}],"curies":[{"name":"wp","href":"https:\/\/api.w.org\/{rel}","templated":true}]}}